{"id":424,"date":"2019-02-01T06:06:41","date_gmt":"2019-02-01T06:06:41","guid":{"rendered":"http:\/\/localhost\/boldman\/boldman-theme\/?page_id=424"},"modified":"2024-09-11T15:10:56","modified_gmt":"2024-09-11T13:10:56","slug":"soliveau-pere-et-fils","status":"publish","type":"page","link":"https:\/\/soliveau.com\/index.php\/soliveau-pere-et-fils\/","title":{"rendered":"Soliveau P\u00e8re &#038; Fils"},"content":{"rendered":"\t\t<div data-elementor-type=\"wp-page\" data-elementor-id=\"424\" class=\"elementor elementor-424\" data-elementor-settings=\"[]\">\n\t\t\t\t\t\t\t<div class=\"elementor-section-wrap\">\n\t\t\t\t\t\t\t<section class=\"elementor-section elementor-top-section elementor-element elementor-element-4360f547 tm-bgcolor-grey elementor-section-stretched tm-column-break-ipad-no tm-col-stretched-none elementor-section-boxed elementor-section-height-default elementor-section-height-default\" data-id=\"4360f547\" data-element_type=\"section\" data-settings=\"{&quot;stretch_section&quot;:&quot;section-stretched&quot;}\">\n\t\t\t\t\t\t<div class=\"elementor-container elementor-column-gap-default\">\n\t\t\t\t\t<div class=\"elementor-column elementor-col-100 elementor-top-column elementor-element elementor-element-38032c1b\" data-id=\"38032c1b\" data-element_type=\"column\">\n\t\t\t<div class=\"elementor-widget-wrap elementor-element-populated\">\n\t\t\t\t\t\t\t\t<div class=\"elementor-element elementor-element-31fa76ec tm-align-center elementor-widget elementor-widget-tm_heading\" data-id=\"31fa76ec\" data-element_type=\"widget\" data-widget_type=\"tm_heading.default\">\n\t\t\t\t<div class=\"elementor-widget-container\">\n\t\t\t<div class=\"tm-element-heading-content-wrapper center-align tm-reverse-heading-yes tm-seperator-none tm-content-with-desc tm-heading-style-vertical \"><div class=\"tm-content-header\"><h4 class=\"tm-element-subheading tm-custom-heading \">\n\t\t\t\tSoliveau P\u00e8res &amp; Fils\n\t\t\t<\/h4>\n\t\t<h2 class=\"tm-element-content-heading tm-custom-heading \">\n\t\t\t\tExp\u00e9rience et Comp\u00e9tence pour TOUS VOS TRAVAUX D'INTERIEUR\n\t\t\t<\/h2>\n\t\t<div class=\"heading-seperator\"><span><\/span><\/div><\/div><div class=\"tm-element-content-desctxt\">Standard T\u00e9l\u00e9phonique du Lundi au Vendredi de 9h \u00e0 17h<\/div><\/div>\t\t<\/div>\n\t\t\t\t<\/div>\n\t\t\t\t<section class=\"elementor-section elementor-inner-section elementor-element elementor-element-2acb66de tm-column-break-ipad-no tm-col-stretched-none elementor-section-boxed elementor-section-height-default elementor-section-height-default\" data-id=\"2acb66de\" data-element_type=\"section\">\n\t\t\t\t\t\t<div class=\"elementor-container elementor-column-gap-default\">\n\t\t\t\t\t<div class=\"elementor-column elementor-col-33 elementor-inner-column elementor-element elementor-element-6d5d88ba\" data-id=\"6d5d88ba\" data-element_type=\"column\">\n\t\t\t<div class=\"elementor-widget-wrap\">\n\t\t\t\t\t\t\t\t\t<\/div>\n\t\t<\/div>\n\t\t\t\t<div class=\"elementor-column elementor-col-33 elementor-inner-column elementor-element elementor-element-aa5073d\" data-id=\"aa5073d\" data-element_type=\"column\">\n\t\t\t<div class=\"elementor-widget-wrap elementor-element-populated\">\n\t\t\t\t\t\t\t\t<div class=\"elementor-element elementor-element-230f7e3d elementor-widget-divider--view-line_icon elementor-view-default elementor-widget-divider--element-align-center elementor-widget elementor-widget-divider\" data-id=\"230f7e3d\" data-element_type=\"widget\" data-widget_type=\"divider.default\">\n\t\t\t\t<div class=\"elementor-widget-container\">\n\t\t\t<style>\/*! elementor - v3.5.5 - 03-02-2022 *\/\n.elementor-widget-divider{--divider-border-style:none;--divider-border-width:1px;--divider-color:#2c2c2c;--divider-icon-size:20px;--divider-element-spacing:10px;--divider-pattern-height:24px;--divider-pattern-size:20px;--divider-pattern-url:none;--divider-pattern-repeat:repeat-x}.elementor-widget-divider .elementor-divider{display:-webkit-box;display:-ms-flexbox;display:flex}.elementor-widget-divider .elementor-divider__text{font-size:15px;line-height:1;max-width:95%}.elementor-widget-divider .elementor-divider__element{margin:0 var(--divider-element-spacing);-ms-flex-negative:0;flex-shrink:0}.elementor-widget-divider .elementor-icon{font-size:var(--divider-icon-size)}.elementor-widget-divider .elementor-divider-separator{display:-webkit-box;display:-ms-flexbox;display:flex;margin:0;direction:ltr}.elementor-widget-divider--view-line_icon .elementor-divider-separator,.elementor-widget-divider--view-line_text .elementor-divider-separator{-webkit-box-align:center;-ms-flex-align:center;align-items:center}.elementor-widget-divider--view-line_icon .elementor-divider-separator:after,.elementor-widget-divider--view-line_icon .elementor-divider-separator:before,.elementor-widget-divider--view-line_text .elementor-divider-separator:after,.elementor-widget-divider--view-line_text .elementor-divider-separator:before{display:block;content:\"\";border-bottom:0;-webkit-box-flex:1;-ms-flex-positive:1;flex-grow:1;border-top:var(--divider-border-width) var(--divider-border-style) var(--divider-color)}.elementor-widget-divider--element-align-left .elementor-divider .elementor-divider-separator>.elementor-divider__svg:first-of-type{-webkit-box-flex:0;-ms-flex-positive:0;flex-grow:0;-ms-flex-negative:100;flex-shrink:100}.elementor-widget-divider--element-align-left .elementor-divider-separator:before{content:none}.elementor-widget-divider--element-align-left .elementor-divider__element{margin-left:0}.elementor-widget-divider--element-align-right .elementor-divider .elementor-divider-separator>.elementor-divider__svg:last-of-type{-webkit-box-flex:0;-ms-flex-positive:0;flex-grow:0;-ms-flex-negative:100;flex-shrink:100}.elementor-widget-divider--element-align-right .elementor-divider-separator:after{content:none}.elementor-widget-divider--element-align-right .elementor-divider__element{margin-right:0}.elementor-widget-divider:not(.elementor-widget-divider--view-line_text):not(.elementor-widget-divider--view-line_icon) .elementor-divider-separator{border-top:var(--divider-border-width) var(--divider-border-style) var(--divider-color)}.elementor-widget-divider--separator-type-pattern{--divider-border-style:none}.elementor-widget-divider--separator-type-pattern.elementor-widget-divider--view-line .elementor-divider-separator,.elementor-widget-divider--separator-type-pattern:not(.elementor-widget-divider--view-line) .elementor-divider-separator:after,.elementor-widget-divider--separator-type-pattern:not(.elementor-widget-divider--view-line) .elementor-divider-separator:before,.elementor-widget-divider--separator-type-pattern:not([class*=elementor-widget-divider--view]) .elementor-divider-separator{width:100%;min-height:var(--divider-pattern-height);-webkit-mask-size:var(--divider-pattern-size) 100%;mask-size:var(--divider-pattern-size) 100%;-webkit-mask-repeat:var(--divider-pattern-repeat);mask-repeat:var(--divider-pattern-repeat);background-color:var(--divider-color);-webkit-mask-image:var(--divider-pattern-url);mask-image:var(--divider-pattern-url)}.elementor-widget-divider--no-spacing{--divider-pattern-size:auto}.elementor-widget-divider--bg-round{--divider-pattern-repeat:round}.rtl .elementor-widget-divider .elementor-divider__text{direction:rtl}<\/style>\t\t<div class=\"elementor-divider\">\n\t\t\t<span class=\"elementor-divider-separator\">\n\t\t\t\t\t\t\t<div class=\"elementor-icon elementor-divider__element\">\n\t\t\t\t\t<i aria-hidden=\"true\" class=\"fas fa-phone-alt\"><\/i><\/div>\n\t\t\t\t\t\t<\/span>\n\t\t<\/div>\n\t\t\t\t<\/div>\n\t\t\t\t<\/div>\n\t\t\t\t\t<\/div>\n\t\t<\/div>\n\t\t\t\t<div class=\"elementor-column elementor-col-33 elementor-inner-column elementor-element elementor-element-4bd2816f\" data-id=\"4bd2816f\" data-element_type=\"column\">\n\t\t\t<div class=\"elementor-widget-wrap\">\n\t\t\t\t\t\t\t\t\t<\/div>\n\t\t<\/div>\n\t\t\t\t\t\t\t<\/div>\n\t\t<\/section>\n\t\t\t\t<div class=\"elementor-element elementor-element-78fc71a3 tm-align-center elementor-widget elementor-widget-tm_heading\" data-id=\"78fc71a3\" data-element_type=\"widget\" data-widget_type=\"tm_heading.default\">\n\t\t\t\t<div class=\"elementor-widget-container\">\n\t\t\t<div class=\"tm-element-heading-content-wrapper center-align tm-reverse-heading-yes tm-seperator-none  tm-heading-style-vertical \"><div class=\"tm-content-header\"><h2 class=\"tm-element-content-heading tm-custom-heading \">\n\t\t\t\t01 60 22 30 42\n\t\t\t<\/h2>\n\t\t<div class=\"heading-seperator\"><span><\/span><\/div><\/div><\/div>\t\t<\/div>\n\t\t\t\t<\/div>\n\t\t\t\t\t<\/div>\n\t\t<\/div>\n\t\t\t\t\t\t\t<\/div>\n\t\t<\/section>\n\t\t\t\t<section class=\"elementor-section elementor-top-section elementor-element elementor-element-15efefe5 tm-column-break-ipad-yes tm-col-stretched-none elementor-section-boxed elementor-section-height-default elementor-section-height-default\" data-id=\"15efefe5\" data-element_type=\"section\">\n\t\t\t\t\t\t<div class=\"elementor-container elementor-column-gap-default\">\n\t\t\t\t\t<div class=\"elementor-column elementor-col-50 elementor-top-column elementor-element elementor-element-3dabf906\" data-id=\"3dabf906\" data-element_type=\"column\">\n\t\t\t<div class=\"elementor-widget-wrap elementor-element-populated\">\n\t\t\t\t\t\t\t\t<div class=\"elementor-element elementor-element-3be79cdc elementor-widget elementor-widget-image\" data-id=\"3be79cdc\" data-element_type=\"widget\" data-widget_type=\"image.default\">\n\t\t\t\t<div class=\"elementor-widget-container\">\n\t\t\t<style>\/*! elementor - v3.5.5 - 03-02-2022 *\/\n.elementor-widget-image{text-align:center}.elementor-widget-image a{display:inline-block}.elementor-widget-image a img[src$=\".svg\"]{width:48px}.elementor-widget-image img{vertical-align:middle;display:inline-block}<\/style>\t\t\t\t\t\t\t\t\t\t\t\t<img loading=\"lazy\" decoding=\"async\" width=\"457\" height=\"455\" src=\"https:\/\/soliveau.com\/wp-content\/uploads\/2024\/01\/Soliveau_pere_fils.jpg\" class=\"attachment-large size-large\" alt=\"\" srcset=\"https:\/\/soliveau.com\/wp-content\/uploads\/2024\/01\/Soliveau_pere_fils.jpg 457w, https:\/\/soliveau.com\/wp-content\/uploads\/2024\/01\/Soliveau_pere_fils-300x300.jpg 300w, https:\/\/soliveau.com\/wp-content\/uploads\/2024\/01\/Soliveau_pere_fils-150x150.jpg 150w\" sizes=\"auto, (max-width: 457px) 100vw, 457px\" data-id=\"7599\" \/>\t\t\t\t\t\t\t\t\t\t\t\t\t\t\t<\/div>\n\t\t\t\t<\/div>\n\t\t\t\t\t<\/div>\n\t\t<\/div>\n\t\t\t\t<div class=\"elementor-column elementor-col-50 elementor-top-column elementor-element elementor-element-4ff40625\" data-id=\"4ff40625\" data-element_type=\"column\">\n\t\t\t<div class=\"elementor-widget-wrap elementor-element-populated\">\n\t\t\t\t\t\t\t\t<div class=\"elementor-element elementor-element-7e65f8fe tm-align-left elementor-widget elementor-widget-tm_heading\" data-id=\"7e65f8fe\" data-element_type=\"widget\" data-widget_type=\"tm_heading.default\">\n\t\t\t\t<div class=\"elementor-widget-container\">\n\t\t\t<div class=\"tm-element-heading-content-wrapper left-align tm-reverse-heading-yes tm-seperator-solid  tm-heading-style-vertical \"><div class=\"tm-content-header\"><h4 class=\"tm-element-subheading tm-custom-heading \">\n\t\t\t\tPierre Soliveau &amp; Fils\n\t\t\t<\/h4>\n\t\t<h2 class=\"tm-element-content-heading tm-custom-heading \">\n\t\t\t\tNous avons 45 ans d'exp\u00e9rience\n\t\t\t<\/h2>\n\t\t<div class=\"heading-seperator\"><span><\/span><\/div><\/div><\/div>\t\t<\/div>\n\t\t\t\t<\/div>\n\t\t\t\t<div class=\"elementor-element elementor-element-50c029bf elementor-widget elementor-widget-text-editor\" data-id=\"50c029bf\" data-element_type=\"widget\" data-widget_type=\"text-editor.default\">\n\t\t\t\t<div class=\"elementor-widget-container\">\n\t\t\t<style>\/*! elementor - v3.5.5 - 03-02-2022 *\/\n.elementor-widget-text-editor.elementor-drop-cap-view-stacked .elementor-drop-cap{background-color:#818a91;color:#fff}.elementor-widget-text-editor.elementor-drop-cap-view-framed .elementor-drop-cap{color:#818a91;border:3px solid;background-color:transparent}.elementor-widget-text-editor:not(.elementor-drop-cap-view-default) .elementor-drop-cap{margin-top:8px}.elementor-widget-text-editor:not(.elementor-drop-cap-view-default) .elementor-drop-cap-letter{width:1em;height:1em}.elementor-widget-text-editor .elementor-drop-cap{float:left;text-align:center;line-height:1;font-size:50px}.elementor-widget-text-editor .elementor-drop-cap-letter{display:inline-block}<\/style>\t\t\t\t<p><strong><span style=\"vertical-align: inherit;\"><span style=\"vertical-align: inherit;\">Monsieur Pierre SOLIVEAU, Artisan depuis Janvier 1976, co-fond\u00e9 avec son \u00e9pouse et son fils ain\u00e9, Laurent, la SARL SOLIVEAU en 1991.<\/span><\/span><\/strong><\/p><p><span style=\"vertical-align: inherit;\"><span style=\"vertical-align: inherit;\">Depuis, avec nos compagnons enrichis par des ann\u00e9es d&#8217;anciennet\u00e9 et\/ou par la transmission de notre exp\u00e9rience et nos valeurs, nous privil\u00e9gions les interventions de proximit\u00e9 (30kms maxi) afin de vous garantir un service rapide, s\u00e9rieux et de qualit\u00e9, appr\u00e9ciant ainsi votre fid\u00e9lit\u00e9 et votre confiance.<\/span><\/span><\/p>\t\t\t\t\t\t<\/div>\n\t\t\t\t<\/div>\n\t\t\t\t<div class=\"elementor-element elementor-element-503fa1fd elementor-widget elementor-widget-text-editor\" data-id=\"503fa1fd\" data-element_type=\"widget\" data-widget_type=\"text-editor.default\">\n\t\t\t\t<div class=\"elementor-widget-container\">\n\t\t\t\t\t\t\t<p><span style=\"vertical-align: inherit;\"><span style=\"vertical-align: inherit;\">Nous mettons \u00e0 votre disposition (du lundi au vendredi) le meilleur de nos comp\u00e9tences.<\/span><\/span> <br \/><span style=\"vertical-align: inherit;\"><span style=\"vertical-align: inherit;\">Nous sommes sp\u00e9cialis\u00e9s dans le domaine du chauffage, de la plomberie, de l&#8217;\u00e9lectricit\u00e9, de l&#8217;Isolation, de la R\u00e9novation G\u00e9n\u00e9rale Int\u00e9rieure. <\/span><\/span><br \/><span style=\"vertical-align: inherit;\"><span style=\"vertical-align: inherit;\">Laurent Soliveau, avec ses bagages d&#8217;hommes de terrain de + de 30 ans dans la r\u00e9novation g\u00e9n\u00e9rale et le suivi-chauffage, installation et SAV d\u00e8s 1991, \u00e0 l&#8217;exp\u00e9rience et les qualifications pour vous conseiller sur tous vos projets de travaux, en vous proposez des solutions adapt\u00e9es \u00e0 vos besoins et \u00e0 votre budget. <\/span><\/span><br \/><span style=\"vertical-align: inherit;\"><span style=\"vertical-align: inherit;\">V\u00e9ronique, son \u00e9pouse, est \u00e0 votre \u00e9coute du lundi au vendredi. <\/span><span style=\"vertical-align: inherit;\">Elle vous conseillera sur les opportunit\u00e9s d&#8217;aides et de financement potentiels (Dossiers Banques\/Primes\/Imp\u00f4ts\/Certificats\/Garanties\/&#8230;) <\/span><\/span><br \/><span style=\"vertical-align: inherit;\"><span style=\"vertical-align: inherit;\">Arnaud SOLIVEAU, 3\u00e8me g\u00e9n\u00e9ration nous a rejoint il ya + de 10 ans maintenant. <\/span><span style=\"vertical-align: inherit;\">Technicien\/Installateur en Syst\u00e8mes Energ\u00e9tique et Climatique (Bac Pro alternance 3 ans + IUT Maison Renouvelable) a rejoint l&#8217;\u00e9quipe pour maintenir avec fiert\u00e9, l&#8217;esprit de notre entreprise familiale et enrichir les domaines chauffage \u00e9nergies renouvelables, traitement de l&#8217;eau et traitement de l&#8217;air.<\/span><\/span><\/p><p><span style=\"vertical-align: inherit;\"><span style=\"vertical-align: inherit;\">Depuis des d\u00e9cennies, nous formons des jeunes en \u00e9troite collaboration avec les CFA, parce qu&#8217;il est dans notre int\u00e9r\u00eat de perp\u00e9tuer notre savoir-faire, le respect des r\u00e8gles d&#8217;ex\u00e9cution et d&#8217;honorer ainsi les attentes de la client\u00e8le qui nous fait confiance.<\/span><\/span><\/p>\t\t\t\t\t\t<\/div>\n\t\t\t\t<\/div>\n\t\t\t\t\t<\/div>\n\t\t<\/div>\n\t\t\t\t\t\t\t<\/div>\n\t\t<\/section>\n\t\t\t\t<section class=\"elementor-section elementor-top-section elementor-element elementor-element-4e45051 tm-column-break-ipad-no tm-col-stretched-none elementor-section-boxed elementor-section-height-default elementor-section-height-default\" data-id=\"4e45051\" data-element_type=\"section\">\n\t\t\t\t\t\t<div class=\"elementor-container elementor-column-gap-default\">\n\t\t\t\t\t<div class=\"elementor-column elementor-col-100 elementor-top-column elementor-element elementor-element-13a5018\" data-id=\"13a5018\" data-element_type=\"column\">\n\t\t\t<div class=\"elementor-widget-wrap elementor-element-populated\">\n\t\t\t\t\t\t\t\t<div class=\"elementor-element elementor-element-33afda6 elementor-widget elementor-widget-text-editor\" data-id=\"33afda6\" data-element_type=\"widget\" data-widget_type=\"text-editor.default\">\n\t\t\t\t<div class=\"elementor-widget-container\">\n\t\t\t\t\t\t\t<ul><li><a href=\"https:\/\/soliveau.com\/wp-content\/uploads\/2024\/09\/Decenale-2024-Attestation-et-activites-souscrites.pdf\" target=\"_blank\" rel=\"noopener\">T\u00e9l\u00e9charger nos assurances Civile et D\u00e9c\u00e9nale<\/a><\/li><li>T\u00e9l\u00e9charger nos Conditions g\u00e9n\u00e9rales d&#8217;intervention<\/li><li><a href=\"https:\/\/soliveau.com\/wp-content\/uploads\/2024\/09\/Certifs-QUALIBAT-x2-DQ-2024_D77-Certificat-E119208-2-20240621.pdf\" target=\"_blank\" rel=\"noopener\">T\u00e9l\u00e9charger notre Certificat Agr\u00e9ment RGE en cours<\/a><\/li><\/ul>\t\t\t\t\t\t<\/div>\n\t\t\t\t<\/div>\n\t\t\t\t\t<\/div>\n\t\t<\/div>\n\t\t\t\t\t\t\t<\/div>\n\t\t<\/section>\n\t\t\t\t\t\t<\/div>\n\t\t\t\t\t<\/div>\n\t\t","protected":false},"excerpt":{"rendered":"<p>Soliveau P\u00e8res &amp; Fils Exp\u00e9rience et Comp\u00e9tence pour TOUS VOS TRAVAUX D&#8217;INTERIEUR Standard T\u00e9l\u00e9phonique du Lundi au Vendredi de 9h \u00e0 17h 01 60 22 30 42 Pierre Soliveau &amp; Fils Nous avons 45 ans d&#8217;exp\u00e9rience Monsieur Pierre SOLIVEAU, Artisan depuis Janvier 1976, co-fond\u00e9 avec son \u00e9pouse et son fils ain\u00e9, Laurent, la SARL SOLIVEAU &hellip; <a href=\"https:\/\/soliveau.com\/index.php\/soliveau-pere-et-fils\/\" class=\"more-link\">Continue reading <span class=\"screen-reader-text\">Soliveau P\u00e8re &#038; Fils<\/span><\/a><\/p>\n","protected":false},"author":1,"featured_media":0,"parent":0,"menu_order":0,"comment_status":"closed","ping_status":"closed","template":"","meta":{"footnotes":""},"class_list":["post-424","page","type-page","status-publish","hentry"],"_links":{"self":[{"href":"https:\/\/soliveau.com\/index.php\/wp-json\/wp\/v2\/pages\/424","targetHints":{"allow":["GET"]}}],"collection":[{"href":"https:\/\/soliveau.com\/index.php\/wp-json\/wp\/v2\/pages"}],"about":[{"href":"https:\/\/soliveau.com\/index.php\/wp-json\/wp\/v2\/types\/page"}],"author":[{"embeddable":true,"href":"https:\/\/soliveau.com\/index.php\/wp-json\/wp\/v2\/users\/1"}],"replies":[{"embeddable":true,"href":"https:\/\/soliveau.com\/index.php\/wp-json\/wp\/v2\/comments?post=424"}],"version-history":[{"count":80,"href":"https:\/\/soliveau.com\/index.php\/wp-json\/wp\/v2\/pages\/424\/revisions"}],"predecessor-version":[{"id":7618,"href":"https:\/\/soliveau.com\/index.php\/wp-json\/wp\/v2\/pages\/424\/revisions\/7618"}],"wp:attachment":[{"href":"https:\/\/soliveau.com\/index.php\/wp-json\/wp\/v2\/media?parent=424"}],"curies":[{"name":"wp","href":"https:\/\/api.w.org\/{rel}","templated":true}]}}